{"id":26,"date":"2019-12-13T08:25:46","date_gmt":"2019-12-13T08:25:46","guid":{"rendered":"https:\/\/www.nunciaturapostolica.es\/?page_id=26"},"modified":"2022-03-11T12:56:50","modified_gmt":"2022-03-11T11:56:50","slug":"diplomacia-pontificia","status":"publish","type":"page","link":"https:\/\/www.nunciaturapostolica.es\/index.php\/diplomacia-pontificia\/","title":{"rendered":"Rese\u00f1a Hist\u00f3rica"},"content":{"rendered":"<p><div class=\"fusion-fullwidth fullwidth-box fusion-builder-row-1 fusion-flex-container nonhundred-percent-fullwidth non-hundred-percent-height-scrolling\" style=\"--awb-border-radius-top-left:0px;--awb-border-radius-top-right:0px;--awb-border-radius-bottom-right:0px;--awb-border-radius-bottom-left:0px;--awb-padding-top:27px;--awb-padding-bottom:30px;--awb-background-color:#ffeb3b;--awb-flex-wrap:wrap;\" ><div class=\"fusion-builder-row fusion-row fusion-flex-align-items-flex-start fusion-flex-content-wrap\" style=\"max-width:1144px;margin-left: calc(-4% \/ 2 );margin-right: calc(-4% \/ 2 );\"><div class=\"fusion-layout-column fusion_builder_column fusion-builder-column-0 fusion_builder_column_1_1 1_1 fusion-flex-column\" style=\"--awb-bg-size:cover;--awb-width-large:100%;--awb-margin-top-large:0px;--awb-spacing-right-large:1.92%;--awb-margin-bottom-large:0px;--awb-spacing-left-large:1.92%;--awb-width-medium:100%;--awb-order-medium:0;--awb-spacing-right-medium:1.92%;--awb-spacing-left-medium:1.92%;--awb-width-small:100%;--awb-order-small:0;--awb-spacing-right-small:1.92%;--awb-spacing-left-small:1.92%;\"><div class=\"fusion-column-wrapper fusion-column-has-shadow fusion-flex-justify-content-flex-start fusion-content-layout-column\"><div class=\"fusion-title title fusion-title-1 fusion-sep-none fusion-title-center fusion-title-text fusion-title-size-one\"><h1 class=\"fusion-title-heading title-heading-center fusion-responsive-typography-calculated\" style=\"font-family:&quot;Lato&quot;;font-style:normal;font-weight:300;margin:0;--fontSize:70;line-height:1.4;\">Diplomacia Pontificia<\/h1><\/div><\/div><\/div><\/div><\/div><div class=\"fusion-fullwidth fullwidth-box fusion-builder-row-2 fusion-flex-container hundred-percent-fullwidth non-hundred-percent-height-scrolling\" style=\"--awb-border-radius-top-left:0px;--awb-border-radius-top-right:0px;--awb-border-radius-bottom-right:0px;--awb-border-radius-bottom-left:0px;--awb-padding-right:6%;--awb-padding-bottom:0%;--awb-padding-left:6%;--awb-background-color:#faf9f6;--awb-flex-wrap:wrap;\" ><div class=\"fusion-builder-row fusion-row fusion-flex-align-items-flex-start fusion-flex-content-wrap\" style=\"width:104% !important;max-width:104% !important;margin-left: calc(-4% \/ 2 );margin-right: calc(-4% \/ 2 );\"><div class=\"fusion-layout-column fusion_builder_column fusion-builder-column-1 fusion_builder_column_1_1 1_1 fusion-flex-column fusion-animated\" style=\"--awb-bg-size:cover;--awb-width-large:100%;--awb-margin-top-large:0px;--awb-spacing-right-large:1.92%;--awb-margin-bottom-large:0px;--awb-spacing-left-large:1.92%;--awb-width-medium:100%;--awb-spacing-right-medium:1.92%;--awb-spacing-left-medium:1.92%;--awb-width-small:100%;--awb-spacing-right-small:1.92%;--awb-spacing-left-small:1.92%;\" data-animationType=\"fadeInLeft\" data-animationDuration=\"1.0\" data-animationOffset=\"top-into-view\"><div class=\"fusion-column-wrapper fusion-column-has-shadow fusion-flex-justify-content-flex-start fusion-content-layout-column\"><div class=\"fusion-separator fusion-full-width-sep\" style=\"align-self: center;margin-left: auto;margin-right: auto;margin-top:30px;width:100%;\"><\/div><div class=\"fusion-text fusion-text-1\"><p>La Diplomacia pontificia es el arte y la ciencia que regulan las relaciones entre la Iglesia y un estado, las cuales se ejecutan por medio de un representante estable, en consonancia con las normas propia del Derecho internacional. Dentro de este contexto, la Santa Sede es el cuerpo de gobierno central de la Iglesia cat\u00f3lica, cuya cabeza visible es el Romano Pont\u00edfice, el cual es asistido por la Curia Romana.<\/p>\n<\/div><\/div><\/div><\/div><\/div><div class=\"fusion-fullwidth fullwidth-box fusion-builder-row-3 fusion-flex-container hundred-percent-fullwidth non-hundred-percent-height-scrolling\" style=\"--awb-border-radius-top-left:0px;--awb-border-radius-top-right:0px;--awb-border-radius-bottom-right:0px;--awb-border-radius-bottom-left:0px;--awb-padding-right:6%;--awb-padding-bottom:0%;--awb-padding-left:6%;--awb-background-color:#faf9f6;--awb-flex-wrap:wrap;\" ><div class=\"fusion-builder-row fusion-row fusion-flex-align-items-flex-start fusion-flex-content-wrap\" style=\"width:104% !important;max-width:104% !important;margin-left: calc(-4% \/ 2 );margin-right: calc(-4% \/ 2 );\"><div class=\"fusion-layout-column fusion_builder_column fusion-builder-column-2 fusion_builder_column_3_4 3_4 fusion-flex-column fusion-flex-align-self-center fusion-animated\" style=\"--awb-bg-size:cover;--awb-width-large:75%;--awb-margin-top-large:0px;--awb-spacing-right-large:2.56%;--awb-margin-bottom-large:40px;--awb-spacing-left-large:2.56%;--awb-width-medium:100%;--awb-spacing-right-medium:1.92%;--awb-spacing-left-medium:1.92%;--awb-width-small:100%;--awb-spacing-right-small:1.92%;--awb-spacing-left-small:1.92%;\" data-animationType=\"fadeInLeft\" data-animationDuration=\"1.0\" data-animationOffset=\"top-into-view\"><div class=\"fusion-column-wrapper fusion-column-has-shadow fusion-flex-justify-content-flex-start fusion-content-layout-column\"><div class=\"fusion-text fusion-text-2\"><p><strong>La finalidad de la Diplomacia pontificia es<\/strong> todas aquellas cuestiones de inter\u00e9s de la Iglesia en su relaci\u00f3n directa con el Estado, sobretodo la salvaguarda de la libertad religiosa y la cooperaci\u00f3n con el poder civil. Tambi\u00e9n, tiene como fin la promoci\u00f3n de la paz, la justicia y la caridad, en consonancia con su misi\u00f3n de \u00edndole espiritual. As\u00ed pues, la Diplomacia pontificia no es esencial para el cumplimiento de la misi\u00f3n de la Iglesia. Sin embargo, la experiencia ha justificado su ejercicio y garantiza su importancia en el mundo moderno.<\/p>\n<p>Los antecedentes hist\u00f3ricos m\u00e1s remotos de la Diplomacia pontificia est\u00e1n en las misiones de los Vicarios Apost\u00f3licos (380) y en los <em>apocrisiarios<\/em> ante la Corte imperial de Bizancio (453). Desde los primeros tiempos, los Papas enviaron sus representantes a los diferentes Concilios. Cuando los legados eran cardenales ten\u00edan el t\u00edtulo de \u201c<em>legati de latere<\/em>\u201d y \u201c<em>legati nati<\/em>\u201d cuando eran titulares de sedes arzobispales importantes, como Colonia, Salzburgo, Toledo, entre otras. Con el Papa Gregorio VI (1073-85) aparece oficialmente por primera vez el vocablo \u201c<em>Nuncio<\/em>\u201d, que m\u00e1s tarde ser\u00e1 reservado al representante diplom\u00e1tico de car\u00e1cter permanente. Bajo el pontificado del <strong>Papa Gregorio XIII<\/strong> (1572-85) se organiz\u00f3 y regulariz\u00f3 la presentaci\u00f3n pontificia.<\/p>\n<\/div><\/div><\/div><div class=\"fusion-layout-column fusion_builder_column fusion-builder-column-3 fusion_builder_column_1_4 1_4 fusion-flex-column\" style=\"--awb-padding-bottom-medium:36px;--awb-padding-bottom-small:24px;--awb-bg-size:cover;--awb-width-large:25%;--awb-margin-top-large:0px;--awb-spacing-right-large:7.68%;--awb-margin-bottom-large:0px;--awb-spacing-left-large:7.68%;--awb-width-medium:100%;--awb-order-medium:0;--awb-spacing-right-medium:1.92%;--awb-spacing-left-medium:1.92%;--awb-width-small:100%;--awb-order-small:0;--awb-spacing-right-small:1.92%;--awb-spacing-left-small:1.92%;\"><div class=\"fusion-column-wrapper fusion-column-has-shadow fusion-flex-justify-content-flex-start fusion-content-layout-column\"><div class=\"fusion-image-element \" style=\"text-align:center;--awb-max-width:200px;--awb-caption-title-font-family:var(--h2_typography-font-family);--awb-caption-title-font-weight:var(--h2_typography-font-weight);--awb-caption-title-font-style:var(--h2_typography-font-style);--awb-caption-title-size:var(--h2_typography-font-size);--awb-caption-title-transform:var(--h2_typography-text-transform);--awb-caption-title-line-height:var(--h2_typography-line-height);--awb-caption-title-letter-spacing:var(--h2_typography-letter-spacing);\"><span class=\" fusion-imageframe imageframe-none imageframe-1 hover-type-none\"><img decoding=\"async\" width=\"400\" height=\"585\" title=\"gregorio-VI\" src=\"https:\/\/www.nunciaturapostolica.es\/wp-content\/uploads\/2021\/07\/gregorio-VI.png\" data-orig-src=\"https:\/\/www.nunciaturapostolica.es\/wp-content\/uploads\/2021\/07\/gregorio-VI.png\" alt class=\"lazyload img-responsive wp-image-904\" srcset=\"data:image\/svg+xml,%3Csvg%20xmlns%3D%27http%3A%2F%2Fwww.w3.org%2F2000%2Fsvg%27%20width%3D%27400%27%20height%3D%27585%27%20viewBox%3D%270%200%20400%20585%27%3E%3Crect%20width%3D%27400%27%20height%3D%27585%27%20fill-opacity%3D%220%22%2F%3E%3C%2Fsvg%3E\" data-srcset=\"https:\/\/www.nunciaturapostolica.es\/wp-content\/uploads\/2021\/07\/gregorio-VI-200x293.png 200w, https:\/\/www.nunciaturapostolica.es\/wp-content\/uploads\/2021\/07\/gregorio-VI.png 400w\" data-sizes=\"auto\" data-orig-sizes=\"(max-width: 1024px) 100vw, (max-width: 640px) 100vw, 400px\" \/><\/span><\/div><\/div><\/div><\/div><\/div><div class=\"fusion-fullwidth fullwidth-box fusion-builder-row-4 fusion-flex-container hundred-percent-fullwidth non-hundred-percent-height-scrolling\" style=\"--awb-border-radius-top-left:0px;--awb-border-radius-top-right:0px;--awb-border-radius-bottom-right:0px;--awb-border-radius-bottom-left:0px;--awb-padding-right:6%;--awb-padding-bottom:0%;--awb-padding-left:6%;--awb-background-color:#faf9f6;--awb-flex-wrap:wrap;\" ><div class=\"fusion-builder-row fusion-row fusion-flex-align-items-flex-start fusion-flex-content-wrap\" style=\"width:104% !important;max-width:104% !important;margin-left: calc(-4% \/ 2 );margin-right: calc(-4% \/ 2 );\"><div class=\"fusion-layout-column fusion_builder_column fusion-builder-column-4 fusion_builder_column_1_1 1_1 fusion-flex-column fusion-animated\" style=\"--awb-bg-size:cover;--awb-width-large:100%;--awb-margin-top-large:0px;--awb-spacing-right-large:1.92%;--awb-margin-bottom-large:40px;--awb-spacing-left-large:1.92%;--awb-width-medium:100%;--awb-spacing-right-medium:1.92%;--awb-spacing-left-medium:1.92%;--awb-width-small:100%;--awb-spacing-right-small:1.92%;--awb-spacing-left-small:1.92%;\" data-animationType=\"fadeInLeft\" data-animationDuration=\"1.0\" data-animationOffset=\"top-into-view\"><div class=\"fusion-column-wrapper fusion-column-has-shadow fusion-flex-justify-content-flex-start fusion-content-layout-column\"><div class=\"fusion-text fusion-text-3\"><p>Es importante destacar que el derecho de legaci\u00f3n procede del car\u00e1cter propio y soberano de una sociedad; y est\u00e1 regulado jur\u00eddicamente por leyes y costumbres internacionales. El Papa ejerce el derecho de legaci\u00f3n por poseer la soberan\u00eda espiritual y temporal. De esta forma, el reconocimiento de este derecho a la Iglesia ha sido el resultado de su especial posici\u00f3n en el \u00e1mbito internacional. El afirmaci\u00f3n de esta doble soberan\u00eda por parte de la Santa Sede qued\u00f3 establecida en el <strong>Tratado de Letr\u00e1n<\/strong> (1929) firmado con Italia.<\/p>\n<p>La organizaci\u00f3n de la Diplomacia papal esta determinada por la Constituci\u00f3n Apost\u00f3lica <em>Regimini Ecclesiae Universae<\/em> (1967). As\u00ed pues, los representantes diplom\u00e1ticos pontificios est\u00e1n equiparados, con algunas caracter\u00edsticas propias, al servicio diplom\u00e1tico civil. Un <em>Nuncio<\/em> pertenece a la primera clase de los agentes diplom\u00e1ticos (embajadores) y generalmente est\u00e1 considerado el <em>decano <\/em>del cuerpo diplom\u00e1tico, en particular en los Pa\u00edses cat\u00f3licos. Esta costumbre reconocida por el Congreso de Viena (1815), fue confirmada en la Conferencia de las Naciones Unidas sobre las relaciones diplom\u00e1ticas de Viena (1961).<\/p>\n<\/div><\/div><\/div><\/div><\/div><div class=\"fusion-fullwidth fullwidth-box fusion-builder-row-5 fusion-flex-container hundred-percent-fullwidth non-hundred-percent-height-scrolling\" style=\"--awb-border-radius-top-left:0px;--awb-border-radius-top-right:0px;--awb-border-radius-bottom-right:0px;--awb-border-radius-bottom-left:0px;--awb-padding-right:6%;--awb-padding-bottom:0%;--awb-padding-left:6%;--awb-background-color:#faf9f6;--awb-flex-wrap:wrap;\" ><div class=\"fusion-builder-row fusion-row fusion-flex-align-items-flex-start fusion-flex-content-wrap\" style=\"width:104% !important;max-width:104% !important;margin-left: calc(-4% \/ 2 );margin-right: calc(-4% \/ 2 );\"><div class=\"fusion-layout-column fusion_builder_column fusion-builder-column-5 fusion_builder_column_1_2 1_2 fusion-flex-column fusion-animated\" style=\"--awb-bg-size:cover;--awb-width-large:50%;--awb-margin-top-large:0px;--awb-spacing-right-large:3.84%;--awb-margin-bottom-large:40px;--awb-spacing-left-large:3.84%;--awb-width-medium:100%;--awb-spacing-right-medium:1.92%;--awb-spacing-left-medium:1.92%;--awb-width-small:100%;--awb-spacing-right-small:1.92%;--awb-spacing-left-small:1.92%;\" data-animationType=\"fadeInLeft\" data-animationDuration=\"1.0\" data-animationOffset=\"top-into-view\"><div class=\"fusion-column-wrapper fusion-column-has-shadow fusion-flex-justify-content-flex-start fusion-content-layout-column\"><div class=\"fusion-image-element \" style=\"text-align:center;--awb-max-width:500px;--awb-caption-title-font-family:var(--h2_typography-font-family);--awb-caption-title-font-weight:var(--h2_typography-font-weight);--awb-caption-title-font-style:var(--h2_typography-font-style);--awb-caption-title-size:var(--h2_typography-font-size);--awb-caption-title-transform:var(--h2_typography-text-transform);--awb-caption-title-line-height:var(--h2_typography-line-height);--awb-caption-title-letter-spacing:var(--h2_typography-letter-spacing);\"><span class=\" fusion-imageframe imageframe-none imageframe-2 hover-type-none\"><img decoding=\"async\" width=\"770\" height=\"480\" title=\"Francis-UN\" src=\"https:\/\/www.nunciaturapostolica.es\/wp-content\/uploads\/2021\/07\/Francis-UN.jpg\" data-orig-src=\"https:\/\/www.nunciaturapostolica.es\/wp-content\/uploads\/2021\/07\/Francis-UN.jpg\" alt class=\"lazyload img-responsive wp-image-905\" srcset=\"data:image\/svg+xml,%3Csvg%20xmlns%3D%27http%3A%2F%2Fwww.w3.org%2F2000%2Fsvg%27%20width%3D%27770%27%20height%3D%27480%27%20viewBox%3D%270%200%20770%20480%27%3E%3Crect%20width%3D%27770%27%20height%3D%27480%27%20fill-opacity%3D%220%22%2F%3E%3C%2Fsvg%3E\" data-srcset=\"https:\/\/www.nunciaturapostolica.es\/wp-content\/uploads\/2021\/07\/Francis-UN-200x125.jpg 200w, https:\/\/www.nunciaturapostolica.es\/wp-content\/uploads\/2021\/07\/Francis-UN-400x249.jpg 400w, https:\/\/www.nunciaturapostolica.es\/wp-content\/uploads\/2021\/07\/Francis-UN-600x374.jpg 600w, https:\/\/www.nunciaturapostolica.es\/wp-content\/uploads\/2021\/07\/Francis-UN.jpg 770w\" data-sizes=\"auto\" data-orig-sizes=\"(max-width: 1024px) 100vw, (max-width: 640px) 100vw, 600px\" \/><\/span><\/div><\/div><\/div><div class=\"fusion-layout-column fusion_builder_column fusion-builder-column-6 fusion_builder_column_1_2 1_2 fusion-flex-column\" style=\"--awb-bg-size:cover;--awb-width-large:50%;--awb-margin-top-large:0px;--awb-spacing-right-large:3.84%;--awb-margin-bottom-large:0px;--awb-spacing-left-large:3.84%;--awb-width-medium:100%;--awb-order-medium:0;--awb-spacing-right-medium:1.92%;--awb-spacing-left-medium:1.92%;--awb-width-small:100%;--awb-order-small:0;--awb-spacing-right-small:1.92%;--awb-spacing-left-small:1.92%;\"><div class=\"fusion-column-wrapper fusion-column-has-shadow fusion-flex-justify-content-flex-start fusion-content-layout-column\"><div class=\"fusion-text fusion-text-4\"><p>Seg\u00fan la antes mencionada Constituci\u00f3n Apost\u00f3lica <em>Regimini Ecclesiae Universae <\/em>la funci\u00f3n ordinaria del representante pontificio es: informar sobre la vida de la Iglesia; colaborar con la Conferencia Episcopal; promover y favorecer las relaciones entre la Santa Sede y el Estado. Igualmente, la Carta Apost\u00f3lica en forma <em>Motu proprio<\/em> \u201c<em>Sollicitudo omnium ecclesiarum<\/em>\u201d, del Papa Pablo VI, especifica detalladamente estas funciones (1969).<\/p>\n<p>El personal de una misi\u00f3n diplom\u00e1tica pontificia ha sido formado en la <em>Pontificia Academia Eclesi\u00e1stica<\/em> en la Ciudad de Roma. Todos los miembros del servicio diplom\u00e1tico vaticano, durante su misi\u00f3n, son titulares de un pasaporte diplom\u00e1tico, expedido por la Secretar\u00eda de Estado, cumpliendo con las normas internacionales.<\/p>\n<\/div><\/div><\/div><\/div><\/div><div class=\"fusion-fullwidth fullwidth-box fusion-builder-row-6 fusion-flex-container hundred-percent-fullwidth non-hundred-percent-height-scrolling\" style=\"--awb-border-radius-top-left:0px;--awb-border-radius-top-right:0px;--awb-border-radius-bottom-right:0px;--awb-border-radius-bottom-left:0px;--awb-padding-right:6%;--awb-padding-bottom:0%;--awb-padding-left:6%;--awb-background-color:#faf9f6;--awb-flex-wrap:wrap;\" ><div class=\"fusion-builder-row fusion-row fusion-flex-align-items-flex-start fusion-flex-content-wrap\" style=\"width:104% !important;max-width:104% !important;margin-left: calc(-4% \/ 2 );margin-right: calc(-4% \/ 2 );\"><div class=\"fusion-layout-column fusion_builder_column fusion-builder-column-7 fusion_builder_column_1_1 1_1 fusion-flex-column fusion-animated\" style=\"--awb-bg-size:cover;--awb-width-large:100%;--awb-margin-top-large:0px;--awb-spacing-right-large:1.92%;--awb-margin-bottom-large:40px;--awb-spacing-left-large:1.92%;--awb-width-medium:100%;--awb-spacing-right-medium:1.92%;--awb-spacing-left-medium:1.92%;--awb-width-small:100%;--awb-spacing-right-small:1.92%;--awb-spacing-left-small:1.92%;\" data-animationType=\"fadeInLeft\" data-animationDuration=\"1.0\" data-animationOffset=\"top-into-view\"><div class=\"fusion-column-wrapper fusion-column-has-shadow fusion-flex-justify-content-flex-start fusion-content-layout-column\"><div class=\"fusion-separator fusion-full-width-sep\" style=\"align-self: center;margin-left: auto;margin-right: auto;margin-top:30px;width:100%;\"><\/div><div class=\"fusion-text fusion-text-5\"><p>La Santa Sede env\u00eda representantes pontificios a organizaciones gubernamentales internacionales, con la categor\u00eda de <em>observadores y delegados<\/em>, como por ejemplo ante la <em>Organizaci\u00f3n de las Naciones Unidas<\/em>, el <em>Consejo de Europa<\/em>, o la <em>Organizaci\u00f3n Mundial del Turismo, <\/em>entre otras. Adem\u00e1s, el <em>Estado de la Ciudad del Vaticano<\/em> est\u00e1 representado oficialmente en las organizaciones internacionales de car\u00e1cter t\u00e9cnico y econ\u00f3mico, como por ejemplo la \u201c<em>Uni\u00f3n Internacional de las Telecomunicaciones\u201d<\/em>.<\/p>\n<p>La Diplomacia papal tiene la misi\u00f3n de trabajar, como lo expres\u00f3 el Papa Pablo VI, por el bien de la humanidad y de su salvaci\u00f3n.<\/p>\n<p style=\"text-align: right;\"><em>Cf. Gran Enciclopedia Rialp, Tomo VII, pp 861-863, Madrid 1984.<\/em><\/p>\n<\/div><\/div><\/div><\/div><\/div><\/p>\n","protected":false},"excerpt":{"rendered":"","protected":false},"author":2,"featured_media":0,"parent":0,"menu_order":0,"comment_status":"closed","ping_status":"closed","template":"100-width.php","meta":{"footnotes":""},"class_list":["post-26","page","type-page","status-publish","hentry"],"_links":{"self":[{"href":"https:\/\/www.nunciaturapostolica.es\/index.php\/wp-json\/wp\/v2\/pages\/26","targetHints":{"allow":["GET"]}}],"collection":[{"href":"https:\/\/www.nunciaturapostolica.es\/index.php\/wp-json\/wp\/v2\/pages"}],"about":[{"href":"https:\/\/www.nunciaturapostolica.es\/index.php\/wp-json\/wp\/v2\/types\/page"}],"author":[{"embeddable":true,"href":"https:\/\/www.nunciaturapostolica.es\/index.php\/wp-json\/wp\/v2\/users\/2"}],"replies":[{"embeddable":true,"href":"https:\/\/www.nunciaturapostolica.es\/index.php\/wp-json\/wp\/v2\/comments?post=26"}],"version-history":[{"count":5,"href":"https:\/\/www.nunciaturapostolica.es\/index.php\/wp-json\/wp\/v2\/pages\/26\/revisions"}],"predecessor-version":[{"id":1049,"href":"https:\/\/www.nunciaturapostolica.es\/index.php\/wp-json\/wp\/v2\/pages\/26\/revisions\/1049"}],"wp:attachment":[{"href":"https:\/\/www.nunciaturapostolica.es\/index.php\/wp-json\/wp\/v2\/media?parent=26"}],"curies":[{"name":"wp","href":"https:\/\/api.w.org\/{rel}","templated":true}]}}