{"id":930,"date":"2021-07-12T09:44:13","date_gmt":"2021-07-12T09:44:13","guid":{"rendered":"https:\/\/www.nunciaturapostolica.es\/?page_id=930"},"modified":"2026-02-18T20:22:52","modified_gmt":"2026-02-18T19:22:52","slug":"tribunal-de-la-rota","status":"publish","type":"page","link":"https:\/\/www.nunciaturapostolica.es\/index.php\/tribunal-de-la-rota\/","title":{"rendered":"Tribunal de La Rota"},"content":{"rendered":"<p><div class=\"fusion-fullwidth fullwidth-box fusion-builder-row-1 fusion-flex-container nonhundred-percent-fullwidth non-hundred-percent-height-scrolling\" style=\"--awb-border-radius-top-left:0px;--awb-border-radius-top-right:0px;--awb-border-radius-bottom-right:0px;--awb-border-radius-bottom-left:0px;--awb-padding-top:27px;--awb-padding-bottom:30px;--awb-background-color:#ffeb3b;--awb-flex-wrap:wrap;\" ><div class=\"fusion-builder-row fusion-row fusion-flex-align-items-flex-start fusion-flex-content-wrap\" style=\"max-width:1144px;margin-left: calc(-4% \/ 2 );margin-right: calc(-4% \/ 2 );\"><div class=\"fusion-layout-column fusion_builder_column fusion-builder-column-0 fusion_builder_column_1_1 1_1 fusion-flex-column\" style=\"--awb-bg-size:cover;--awb-width-large:100%;--awb-margin-top-large:0px;--awb-spacing-right-large:1.92%;--awb-margin-bottom-large:0px;--awb-spacing-left-large:1.92%;--awb-width-medium:100%;--awb-order-medium:0;--awb-spacing-right-medium:1.92%;--awb-spacing-left-medium:1.92%;--awb-width-small:100%;--awb-order-small:0;--awb-spacing-right-small:1.92%;--awb-spacing-left-small:1.92%;\"><div class=\"fusion-column-wrapper fusion-column-has-shadow fusion-flex-justify-content-flex-start fusion-content-layout-column\"><div class=\"fusion-title title fusion-title-1 fusion-sep-none fusion-title-center fusion-title-text fusion-title-size-one\"><h1 class=\"fusion-title-heading title-heading-center fusion-responsive-typography-calculated\" style=\"font-family:&quot;Lato&quot;;font-style:normal;font-weight:300;margin:0;--fontSize:70;line-height:1.4;\">El Tribunal de La Rota<\/h1><\/div><\/div><\/div><\/div><\/div><div class=\"fusion-fullwidth fullwidth-box fusion-builder-row-2 fusion-flex-container hundred-percent-fullwidth non-hundred-percent-height-scrolling\" style=\"--awb-border-radius-top-left:0px;--awb-border-radius-top-right:0px;--awb-border-radius-bottom-right:0px;--awb-border-radius-bottom-left:0px;--awb-padding-top:50px;--awb-padding-right:6%;--awb-padding-bottom:8%;--awb-padding-left:6%;--awb-background-color:#faf9f6;--awb-flex-wrap:wrap;\" ><div class=\"fusion-builder-row fusion-row fusion-flex-align-items-flex-start fusion-flex-content-wrap\" style=\"width:104% !important;max-width:104% !important;margin-left: calc(-4% \/ 2 );margin-right: calc(-4% \/ 2 );\"><div class=\"fusion-layout-column fusion_builder_column fusion-builder-column-1 fusion_builder_column_1_1 1_1 fusion-flex-column\" style=\"--awb-bg-size:cover;--awb-width-large:100%;--awb-margin-top-large:0px;--awb-spacing-right-large:1.92%;--awb-margin-bottom-large:0px;--awb-spacing-left-large:1.92%;--awb-width-medium:100%;--awb-order-medium:0;--awb-spacing-right-medium:1.92%;--awb-spacing-left-medium:1.92%;--awb-width-small:100%;--awb-order-small:0;--awb-spacing-right-small:1.92%;--awb-spacing-left-small:1.92%;\"><div class=\"fusion-column-wrapper fusion-column-has-shadow fusion-flex-justify-content-flex-start fusion-content-layout-column\"><div class=\"fusion-builder-row fusion-builder-row-inner fusion-row fusion-flex-align-items-flex-start fusion-flex-content-wrap\" style=\"width:104% !important;max-width:104% !important;margin-left: calc(-4% \/ 2 );margin-right: calc(-4% \/ 2 );\"><div class=\"fusion-layout-column fusion_builder_column_inner fusion-builder-nested-column-0 fusion_builder_column_inner_1_2 1_2 fusion-flex-column\" style=\"--awb-bg-size:cover;--awb-width-large:50%;--awb-margin-top-large:0px;--awb-spacing-right-large:3.84%;--awb-margin-bottom-large:0px;--awb-spacing-left-large:3.84%;--awb-width-medium:100%;--awb-order-medium:0;--awb-spacing-right-medium:1.92%;--awb-spacing-left-medium:1.92%;--awb-width-small:100%;--awb-order-small:0;--awb-spacing-right-small:1.92%;--awb-spacing-left-small:1.92%;\"><div class=\"fusion-column-wrapper fusion-column-has-shadow fusion-flex-justify-content-flex-start fusion-content-layout-column\"><div class=\"fusion-text fusion-text-1\"><p><strong>PRESIDENTE:<\/strong><\/p>\n<p>Excmo. y Rvdmo. Mons. Piero Pioppo, Nuncio Apost\u00f3lico en Espa\u00f1a<\/p>\n<\/div><\/div><\/div><div class=\"fusion-layout-column fusion_builder_column_inner fusion-builder-nested-column-1 fusion_builder_column_inner_1_2 1_2 fusion-flex-column\" style=\"--awb-bg-size:cover;--awb-width-large:50%;--awb-margin-top-large:0px;--awb-spacing-right-large:3.84%;--awb-margin-bottom-large:0px;--awb-spacing-left-large:3.84%;--awb-width-medium:100%;--awb-order-medium:0;--awb-spacing-right-medium:1.92%;--awb-spacing-left-medium:1.92%;--awb-width-small:100%;--awb-order-small:0;--awb-spacing-right-small:1.92%;--awb-spacing-left-small:1.92%;\"><div class=\"fusion-column-wrapper fusion-column-has-shadow fusion-flex-justify-content-flex-start fusion-content-layout-column\"><div class=\"fusion-text fusion-text-2\"><p><strong>DECANO:<\/strong><\/p>\n<p>Mons. Carlos Manuel Mor\u00e1n Bustos.<\/p>\n<\/div><\/div><\/div><\/div><\/div><\/div><div class=\"fusion-layout-column fusion_builder_column fusion-builder-column-2 fusion_builder_column_2_3 2_3 fusion-flex-column fusion-animated\" style=\"--awb-padding-top:57px;--awb-bg-size:cover;--awb-width-large:66.666666666667%;--awb-margin-top-large:0px;--awb-spacing-right-large:2.88%;--awb-margin-bottom-large:0px;--awb-spacing-left-large:2.88%;--awb-width-medium:100%;--awb-spacing-right-medium:1.92%;--awb-spacing-left-medium:1.92%;--awb-width-small:100%;--awb-spacing-right-small:1.92%;--awb-spacing-left-small:1.92%;\" data-animationType=\"fadeInLeft\" data-animationDuration=\"1.0\" data-animationOffset=\"top-into-view\"><div class=\"fusion-column-wrapper fusion-column-has-shadow fusion-flex-justify-content-flex-start fusion-content-layout-column\"><div class=\"fusion-text fusion-text-3\" style=\"--awb-font-size:18px;\"><p>Precedente del Tribunal de la Nunciatura Apost\u00f3lica fue el antiguo Tribunal del Nuncio, del que se tiene constancia documental en las facultades concedidas el 16 de abril de 1529 al nuncio Girolamo da Schio (de Sclede), que respond\u00edan a las peticiones de las Cortes de Toledo de 1525; el Tribunal del Nuncio permanece hasta que se crea el Tribunal de la Rota de la Nunciatura Apost\u00f3lica en Espa\u00f1a por el motu proprio de Clemente XIV, <em>Administrandae iustitiae zelus, <\/em>de 26 de marzo de 1771; aunque objeto de sucesivas reformas, el Tribunal de la Nunciatura Apost\u00f3lica se mantiene hasta su supresi\u00f3n por la Santa Sede el 21 de junio de 1932.<\/p>\n<p>P\u00edo XII, mediante el motu proprio <em>Apostolico Hispaniarum<\/em> <em>Nuntio<\/em>, de 7 de abril de 1947, restaura el tribunal, y Juan Pablo II, en el motu proprio <em>Nuntiaturae Apostolicae in Hispania<\/em>, de 2 de octubre de 1999, establece las normas org\u00e1nicas y procesales mediante las cuales se reorganiza el Tribunal de la Rota de la Nunciatura Apost\u00f3lica acomod\u00e1ndolo a las nuevas circunstancias, atendiendo, principalmente, a la nueva regulaci\u00f3n de las relaciones Iglesia-Estado en Espa\u00f1a, a las normas del nuevo C\u00f3digo de Derecho can\u00f3nico y de la constituci\u00f3n <em>Pastor Bonus<\/em> y al ejercicio del derecho de los fieles a acudir a la Rota romana.<\/p>\n<\/div><\/div><\/div><div class=\"fusion-layout-column fusion_builder_column fusion-builder-column-3 fusion_builder_column_1_3 1_3 fusion-flex-column fusion-animated\" style=\"--awb-padding-right:0px;--awb-padding-bottom-small:0px;--awb-bg-color:#ffe500;--awb-bg-color-hover:#ffe500;--awb-bg-size:cover;--awb-width-large:33.333333333333%;--awb-margin-top-large:38px;--awb-spacing-right-large:8.064%;--awb-margin-bottom-large:29px;--awb-spacing-left-large:7.776%;--awb-width-medium:auto;--awb-spacing-right-medium:0%;--awb-margin-bottom-medium:33px;--awb-spacing-left-medium:0%;--awb-width-small:100%;--awb-spacing-right-small:1.92%;--awb-margin-bottom-small:30px;--awb-spacing-left-small:1.92%;\" data-animationType=\"fadeInLeft\" data-animationDuration=\"1.0\" data-animationOffset=\"top-into-view\"><div class=\"fusion-column-wrapper fusion-column-has-shadow fusion-flex-justify-content-flex-start fusion-content-layout-column\"><div class=\"fusion-image-element \" style=\"text-align:center;--awb-margin-top:0px;--awb-margin-right:0px;--awb-margin-bottom:0px;--awb-margin-left:0px;--awb-caption-title-font-family:var(--h2_typography-font-family);--awb-caption-title-font-weight:var(--h2_typography-font-weight);--awb-caption-title-font-style:var(--h2_typography-font-style);--awb-caption-title-size:var(--h2_typography-font-size);--awb-caption-title-transform:var(--h2_typography-text-transform);--awb-caption-title-line-height:var(--h2_typography-line-height);--awb-caption-title-letter-spacing:var(--h2_typography-letter-spacing);\"><span class=\" fusion-imageframe imageframe-none imageframe-1 hover-type-none\"><img decoding=\"async\" width=\"600\" height=\"450\" title=\"fachada-rota\" src=\"https:\/\/www.nunciaturapostolica.es\/wp-content\/uploads\/2021\/07\/fachada-rota.jpg\" data-orig-src=\"https:\/\/www.nunciaturapostolica.es\/wp-content\/uploads\/2021\/07\/fachada-rota.jpg\" alt class=\"lazyload img-responsive wp-image-933\" srcset=\"data:image\/svg+xml,%3Csvg%20xmlns%3D%27http%3A%2F%2Fwww.w3.org%2F2000%2Fsvg%27%20width%3D%27600%27%20height%3D%27450%27%20viewBox%3D%270%200%20600%20450%27%3E%3Crect%20width%3D%27600%27%20height%3D%27450%27%20fill-opacity%3D%220%22%2F%3E%3C%2Fsvg%3E\" data-srcset=\"https:\/\/www.nunciaturapostolica.es\/wp-content\/uploads\/2021\/07\/fachada-rota-200x150.jpg 200w, https:\/\/www.nunciaturapostolica.es\/wp-content\/uploads\/2021\/07\/fachada-rota-400x300.jpg 400w, https:\/\/www.nunciaturapostolica.es\/wp-content\/uploads\/2021\/07\/fachada-rota.jpg 600w\" data-sizes=\"auto\" data-orig-sizes=\"(max-width: 1024px) 100vw, (max-width: 640px) 100vw, 400px\" \/><\/span><\/div><div class=\"fusion-text fusion-text-4\" style=\"--awb-font-size:16px;--awb-text-color:#000000;\"><p style=\"text-align: center;\">Calle del Nuncio, 13 &#8211; 28005 Madrid<br \/>\nTel: 91.365.66.20 &#8211; 91.365.66.21<br \/>\nFax: 91.365.65.28<br \/>\n<strong>secretariatr@tribunalrota.org<\/strong><\/p>\n<\/div><\/div><\/div><div class=\"fusion-layout-column fusion_builder_column fusion-builder-column-4 fusion_builder_column_1_1 1_1 fusion-flex-column fusion-animated\" style=\"--awb-bg-size:cover;--awb-width-large:100%;--awb-margin-top-large:0px;--awb-spacing-right-large:1.92%;--awb-margin-bottom-large:40px;--awb-spacing-left-large:1.92%;--awb-width-medium:100%;--awb-spacing-right-medium:1.92%;--awb-spacing-left-medium:1.92%;--awb-width-small:100%;--awb-spacing-right-small:1.92%;--awb-spacing-left-small:1.92%;\" data-animationType=\"fadeInLeft\" data-animationDuration=\"1.0\" data-animationOffset=\"top-into-view\"><div class=\"fusion-column-wrapper fusion-column-has-shadow fusion-flex-justify-content-flex-start fusion-content-layout-column\"><div class=\"fusion-text fusion-text-5\" style=\"--awb-font-size:18px;\"><p>Seg\u00fan estas normas, la Rota de la Nunciatura, constituida en Madrid y colocada bajo la autoridad del Nuncio Apost\u00f3lico, \u00abes un tribunal colegiado, ordinario, principalmente para recibir las apelaciones contra las sentencias eclesi\u00e1sticas pronunciadas en el territorio de Espa\u00f1a\u00bb; consta de siete jueces, a los que preside su decano, que es el primero entre iguales; hay tambi\u00e9n en la Rota un fiscal para defender el bien p\u00fablico y un defensor del v\u00ednculo matrimonial y de la sagrada ordenaci\u00f3n, a quienes se les pueden dar sustitutos.<\/p>\n<p>La Rota de la Nunciatura Apost\u00f3lica juzga, por turnos de tres jueces:<\/p>\n<p style=\"padding-left: 40px;\">1\u00ba) En segunda instancia, las causas que fueron juzgadas en primera instancia por cualesquiera tribunales de Espa\u00f1a, metropolitanos o arzobispado no metropolitano inmediatamente sujeto a la Sede Apost\u00f3lica, quedando suprimidos los tribunales que de una vez para siempre se designaron para recibir las apelaciones.<\/p>\n<p style=\"padding-left: 40px;\">2\u00aa) En tercera instancia, las causas que fueron juzgadas en segunda instancia por los tribunales metropolitanos del territorio de Espa\u00f1a, o por tribunales interdiocesanos de segunda instancia, o por la misma Rota.<\/p>\n<p style=\"padding-left: 40px;\">3\u00ba) En una instancia ulterior, las causas que requieran una nueva proposici\u00f3n de ellas, si proceden de la misma Rota; tambi\u00e9n si proceden de tribunales metropolitanos o de tribunales interdiocesanos de segunda instancia erigidos con la aprobaci\u00f3n de la Santa Sede.<\/p>\n<p style=\"padding-left: 40px;\">4\u00ba) Este tribunal juzga adem\u00e1s en primera instancia las causas que el Nuncio apost\u00f3lico, a petici\u00f3n de alg\u00fan obispo que en Espa\u00f1a sea competente en la causa confiare al mismo tribunal por graves razones y, por razones asimismo graves y convincentes, podr\u00e1 el Nuncio apost\u00f3lico, seg\u00fan su prudente juicio y conciencia, a petici\u00f3n de ambas partes, y con el consentimiento del Metropolitano, enviar a la Rota Nunciatura Apost\u00f3lica, para que sean juzgadas en segunda instancia, las causas de nulidad de matrimonio que en primera instancia hayan sido juzgadas por cualquier tribunal sufrag\u00e1neo de Espa\u00f1a.<\/p>\n<p>El Tribunal de la Rota de la Nunciatura es tambi\u00e9n tribunal de primera, o ulterior instancia, del arzobispado castrense.<\/p>\n<p>&nbsp;<\/p>\n<\/div><\/div><\/div><\/div><\/div><\/p>\n","protected":false},"excerpt":{"rendered":"","protected":false},"author":2,"featured_media":0,"parent":0,"menu_order":0,"comment_status":"closed","ping_status":"closed","template":"100-width.php","meta":{"footnotes":""},"class_list":["post-930","page","type-page","status-publish","hentry"],"_links":{"self":[{"href":"https:\/\/www.nunciaturapostolica.es\/index.php\/wp-json\/wp\/v2\/pages\/930","targetHints":{"allow":["GET"]}}],"collection":[{"href":"https:\/\/www.nunciaturapostolica.es\/index.php\/wp-json\/wp\/v2\/pages"}],"about":[{"href":"https:\/\/www.nunciaturapostolica.es\/index.php\/wp-json\/wp\/v2\/types\/page"}],"author":[{"embeddable":true,"href":"https:\/\/www.nunciaturapostolica.es\/index.php\/wp-json\/wp\/v2\/users\/2"}],"replies":[{"embeddable":true,"href":"https:\/\/www.nunciaturapostolica.es\/index.php\/wp-json\/wp\/v2\/comments?post=930"}],"version-history":[{"count":10,"href":"https:\/\/www.nunciaturapostolica.es\/index.php\/wp-json\/wp\/v2\/pages\/930\/revisions"}],"predecessor-version":[{"id":1363,"href":"https:\/\/www.nunciaturapostolica.es\/index.php\/wp-json\/wp\/v2\/pages\/930\/revisions\/1363"}],"wp:attachment":[{"href":"https:\/\/www.nunciaturapostolica.es\/index.php\/wp-json\/wp\/v2\/media?parent=930"}],"curies":[{"name":"wp","href":"https:\/\/api.w.org\/{rel}","templated":true}]}}